{"id":131,"date":"2025-10-24T16:23:16","date_gmt":"2025-10-24T16:23:16","guid":{"rendered":"https:\/\/afomoa.greenshelf.net\/?page_id=131"},"modified":"2025-10-31T09:15:07","modified_gmt":"2025-10-31T09:15:07","slug":"contact","status":"publish","type":"page","link":"https:\/\/afomoa.greenshelf.net\/index.php\/contact\/","title":{"rendered":"Contact"},"content":{"rendered":"\n<p class=\"has-text-align-center\">Vous pouvez nous joindre \u00e0 l&rsquo;adresse mail suivante : contact.greenshelf.net<br>En plus de tous nos r\u00e9seaux sociaux<\/p>\n\n\n\n<ul class=\"wp-block-social-links aligncenter has-icon-color has-icon-background-color is-content-justification-center is-layout-flex wp-container-core-social-links-is-layout-a89b3969 wp-block-social-links-is-layout-flex\"><li style=\"color:#FFFFFF;background-color:#FEA405;\" class=\"wp-social-link wp-social-link-facebook has-background-color has-secondary-background-color wp-block-social-link\"><a rel=\"noopener nofollow\" target=\"_blank\" href=\"https:\/\/www.facebook.com\/\" class=\"wp-block-social-link-anchor\"><svg width=\"24\" height=\"24\" viewBox=\"0 0 24 24\" version=\"1.1\" xmlns=\"http:\/\/www.w3.org\/2000\/svg\" aria-hidden=\"true\" focusable=\"false\"><path d=\"M12 2C6.5 2 2 6.5 2 12c0 5 3.7 9.1 8.4 9.9v-7H7.9V12h2.5V9.8c0-2.5 1.5-3.9 3.8-3.9 1.1 0 2.2.2 2.2.2v2.5h-1.3c-1.2 0-1.6.8-1.6 1.6V12h2.8l-.4 2.9h-2.3v7C18.3 21.1 22 17 22 12c0-5.5-4.5-10-10-10z\"><\/path><\/svg><span class=\"wp-block-social-link-label screen-reader-text\">Facebook<\/span><\/a><\/li>\n\n<li style=\"color:#FFFFFF;background-color:#FEA405;\" class=\"wp-social-link wp-social-link-instagram has-background-color has-secondary-background-color wp-block-social-link\"><a rel=\"noopener nofollow\" target=\"_blank\" href=\"https:\/\/www.instagram.com\/\" class=\"wp-block-social-link-anchor\"><svg width=\"24\" height=\"24\" viewBox=\"0 0 24 24\" version=\"1.1\" xmlns=\"http:\/\/www.w3.org\/2000\/svg\" aria-hidden=\"true\" focusable=\"false\"><path d=\"M12,4.622c2.403,0,2.688,0.009,3.637,0.052c0.877,0.04,1.354,0.187,1.671,0.31c0.42,0.163,0.72,0.358,1.035,0.673 c0.315,0.315,0.51,0.615,0.673,1.035c0.123,0.317,0.27,0.794,0.31,1.671c0.043,0.949,0.052,1.234,0.052,3.637 s-0.009,2.688-0.052,3.637c-0.04,0.877-0.187,1.354-0.31,1.671c-0.163,0.42-0.358,0.72-0.673,1.035 c-0.315,0.315-0.615,0.51-1.035,0.673c-0.317,0.123-0.794,0.27-1.671,0.31c-0.949,0.043-1.233,0.052-3.637,0.052 s-2.688-0.009-3.637-0.052c-0.877-0.04-1.354-0.187-1.671-0.31c-0.42-0.163-0.72-0.358-1.035-0.673 c-0.315-0.315-0.51-0.615-0.673-1.035c-0.123-0.317-0.27-0.794-0.31-1.671C4.631,14.688,4.622,14.403,4.622,12 s0.009-2.688,0.052-3.637c0.04-0.877,0.187-1.354,0.31-1.671c0.163-0.42,0.358-0.72,0.673-1.035 c0.315-0.315,0.615-0.51,1.035-0.673c0.317-0.123,0.794-0.27,1.671-0.31C9.312,4.631,9.597,4.622,12,4.622 M12,3 C9.556,3,9.249,3.01,8.289,3.054C7.331,3.098,6.677,3.25,6.105,3.472C5.513,3.702,5.011,4.01,4.511,4.511 c-0.5,0.5-0.808,1.002-1.038,1.594C3.25,6.677,3.098,7.331,3.054,8.289C3.01,9.249,3,9.556,3,12c0,2.444,0.01,2.751,0.054,3.711 c0.044,0.958,0.196,1.612,0.418,2.185c0.23,0.592,0.538,1.094,1.038,1.594c0.5,0.5,1.002,0.808,1.594,1.038 c0.572,0.222,1.227,0.375,2.185,0.418C9.249,20.99,9.556,21,12,21s2.751-0.01,3.711-0.054c0.958-0.044,1.612-0.196,2.185-0.418 c0.592-0.23,1.094-0.538,1.594-1.038c0.5-0.5,0.808-1.002,1.038-1.594c0.222-0.572,0.375-1.227,0.418-2.185 C20.99,14.751,21,14.444,21,12s-0.01-2.751-0.054-3.711c-0.044-0.958-0.196-1.612-0.418-2.185c-0.23-0.592-0.538-1.094-1.038-1.594 c-0.5-0.5-1.002-0.808-1.594-1.038c-0.572-0.222-1.227-0.375-2.185-0.418C14.751,3.01,14.444,3,12,3L12,3z M12,7.378 c-2.552,0-4.622,2.069-4.622,4.622S9.448,16.622,12,16.622s4.622-2.069,4.622-4.622S14.552,7.378,12,7.378z M12,15 c-1.657,0-3-1.343-3-3s1.343-3,3-3s3,1.343,3,3S13.657,15,12,15z M16.804,6.116c-0.596,0-1.08,0.484-1.08,1.08 s0.484,1.08,1.08,1.08c0.596,0,1.08-0.484,1.08-1.08S17.401,6.116,16.804,6.116z\"><\/path><\/svg><span class=\"wp-block-social-link-label screen-reader-text\">Instagram<\/span><\/a><\/li>\n\n<li style=\"color:#FFFFFF;background-color:#FEA405;\" class=\"wp-social-link wp-social-link-x has-background-color has-secondary-background-color wp-block-social-link\"><a rel=\"noopener nofollow\" target=\"_blank\" href=\"https:\/\/x.com\/\" class=\"wp-block-social-link-anchor\"><svg width=\"24\" height=\"24\" viewBox=\"0 0 24 24\" version=\"1.1\" xmlns=\"http:\/\/www.w3.org\/2000\/svg\" aria-hidden=\"true\" focusable=\"false\"><path d=\"M13.982 10.622 20.54 3h-1.554l-5.693 6.618L8.745 3H3.5l6.876 10.007L3.5 21h1.554l6.012-6.989L15.868 21h5.245l-7.131-10.378Zm-2.128 2.474-.697-.997-5.543-7.93H8l4.474 6.4.697.996 5.815 8.318h-2.387l-4.745-6.787Z\" \/><\/svg><span class=\"wp-block-social-link-label screen-reader-text\">X<\/span><\/a><\/li>\n\n<li style=\"color:#FFFFFF;background-color:#FEA405;\" class=\"wp-social-link wp-social-link-youtube has-background-color has-secondary-background-color wp-block-social-link\"><a rel=\"noopener nofollow\" target=\"_blank\" href=\"https:\/\/www.youtube.com\/\" class=\"wp-block-social-link-anchor\"><svg width=\"24\" height=\"24\" viewBox=\"0 0 24 24\" version=\"1.1\" xmlns=\"http:\/\/www.w3.org\/2000\/svg\" aria-hidden=\"true\" focusable=\"false\"><path d=\"M21.8,8.001c0,0-0.195-1.378-0.795-1.985c-0.76-0.797-1.613-0.801-2.004-0.847c-2.799-0.202-6.997-0.202-6.997-0.202 h-0.009c0,0-4.198,0-6.997,0.202C4.608,5.216,3.756,5.22,2.995,6.016C2.395,6.623,2.2,8.001,2.2,8.001S2,9.62,2,11.238v1.517 c0,1.618,0.2,3.237,0.2,3.237s0.195,1.378,0.795,1.985c0.761,0.797,1.76,0.771,2.205,0.855c1.6,0.153,6.8,0.201,6.8,0.201 s4.203-0.006,7.001-0.209c0.391-0.047,1.243-0.051,2.004-0.847c0.6-0.607,0.795-1.985,0.795-1.985s0.2-1.618,0.2-3.237v-1.517 C22,9.62,21.8,8.001,21.8,8.001z M9.935,14.594l-0.001-5.62l5.404,2.82L9.935,14.594z\"><\/path><\/svg><span class=\"wp-block-social-link-label screen-reader-text\">YouTube<\/span><\/a><\/li><\/ul>\n\n\n\n<p><\/p>\n\n\n\n<h2 class=\"wp-block-heading has-text-align-center has-primary-color has-text-color has-link-color has-site-title-font-size wp-elements-a321244d9662e6354ee5d5e6d7177a02\"><strong>Inscrivez-vous \u00e0 notre Newsletter<\/strong> <strong>pour rester en contact avec nos nouveaut\u00e9s<\/strong><\/h2>\n\n\n\n<div class=\"wpcf7 no-js\" id=\"wpcf7-f124-o1\" lang=\"en-US\" dir=\"ltr\" data-wpcf7-id=\"124\">\n<div class=\"screen-reader-response\"><p role=\"status\" aria-live=\"polite\" aria-atomic=\"true\"><\/p> <ul><\/ul><\/div>\n<form action=\"\/index.php\/wp-json\/wp\/v2\/pages\/131#wpcf7-f124-o1\" method=\"post\" class=\"wpcf7-form init\" aria-label=\"Contact form\" novalidate=\"novalidate\" data-status=\"init\">\n<fieldset class=\"hidden-fields-container\"><input type=\"hidden\" name=\"_wpcf7\" value=\"124\" \/><input type=\"hidden\" name=\"_wpcf7_version\" value=\"6.1.4\" \/><input type=\"hidden\" name=\"_wpcf7_locale\" value=\"en_US\" \/><input type=\"hidden\" name=\"_wpcf7_unit_tag\" value=\"wpcf7-f124-o1\" \/><input type=\"hidden\" name=\"_wpcf7_container_post\" value=\"0\" \/><input type=\"hidden\" name=\"_wpcf7_posted_data_hash\" value=\"\" \/>\n<\/fieldset>\n<p><label> Nom :<br \/>\n<span class=\"wpcf7-form-control-wrap\" data-name=\"your-name\"><input size=\"40\" maxlength=\"400\" class=\"wpcf7-form-control wpcf7-text wpcf7-validates-as-required\" autocomplete=\"nom\" aria-required=\"true\" aria-invalid=\"false\" value=\"\" type=\"text\" name=\"your-name\" \/><\/span> <\/label>\n<\/p>\n<p><label> Pr\u00e9nom :<br \/>\n<span class=\"wpcf7-form-control-wrap\" data-name=\"your-surname\"><input size=\"40\" maxlength=\"400\" class=\"wpcf7-form-control wpcf7-text wpcf7-validates-as-required\" autocomplete=\"prenom\" aria-required=\"true\" aria-invalid=\"false\" value=\"\" type=\"text\" name=\"your-surname\" \/><\/span> <\/label>\n<\/p>\n<p><label> Votre adresse mail :<br \/>\n<span class=\"wpcf7-form-control-wrap\" data-name=\"your-email\"><input size=\"40\" maxlength=\"400\" class=\"wpcf7-form-control wpcf7-email wpcf7-validates-as-required wpcf7-text wpcf7-validates-as-email\" autocomplete=\"email\" aria-required=\"true\" aria-invalid=\"false\" value=\"\" type=\"email\" name=\"your-email\" \/><\/span> <\/label>\n<\/p>\n<p><input class=\"wpcf7-form-control wpcf7-submit has-spinner\" type=\"submit\" value=\"S&#039;inscrire\" \/>\n<\/p><p style=\"display: none !important;\" class=\"akismet-fields-container\" data-prefix=\"_wpcf7_ak_\"><label>&#916;<textarea name=\"_wpcf7_ak_hp_textarea\" cols=\"45\" rows=\"8\" maxlength=\"100\"><\/textarea><\/label><input type=\"hidden\" id=\"ak_js_1\" name=\"_wpcf7_ak_js\" value=\"236\"\/><script>document.getElementById( \"ak_js_1\" ).setAttribute( \"value\", ( new Date() ).getTime() );<\/script><\/p><div class=\"wpcf7-response-output\" aria-hidden=\"true\"><\/div>\n<\/form>\n<\/div>\n\n\n\n\n<p><\/p>\n\n\n\n<h2 class=\"wp-block-heading has-text-align-center has-primary-color has-text-color has-link-color wp-elements-ebde3fbbbd80166ed6382e2e1a9191b0\"><strong>Toujours pas convaincu ?<\/strong><\/h2>\n\n\n\n<p class=\"has-text-align-center\">Consultez les avis d&rsquo;autres personnes qui nous ont test\u00e9.<\/p>\n\n\n\n<div class=\"wp-block-columns testimonial-cols wow fadeInUp is-layout-flex wp-container-core-columns-is-layout-dc63b7a3 wp-block-columns-is-layout-flex\" style=\"margin-top:var(--wp--preset--spacing--60)\">\n<div class=\"wp-block-column is-layout-flow wp-block-column-is-layout-flow\">\n<div class=\"wp-block-group testimonial-box is-layout-flow wp-block-group-is-layout-flow\" style=\"border-radius:15px;padding-top:var(--wp--preset--spacing--50);padding-right:var(--wp--preset--spacing--50);padding-bottom:var(--wp--preset--spacing--50);padding-left:var(--wp--preset--spacing--50)\">\n<figure class=\"wp-block-image size-full star-img\"><img decoding=\"async\" src=\"https:\/\/afomoa.greenshelf.net\/wp-content\/themes\/creative-design-agency\/assets\/images\/testimonail-star.png\" alt=\"\" class=\"wp-image-13\"\/><\/figure>\n\n\n\n<figure class=\"wp-block-image size-full testimonial-comas\"><img decoding=\"async\" src=\"https:\/\/afomoa.greenshelf.net\/wp-content\/themes\/creative-design-agency\/assets\/images\/testimonial-comas.png\" alt=\"\" class=\"wp-image-25\"\/><\/figure>\n\n\n\n<p class=\"testimonial-main-text\" style=\"margin-top:0;margin-bottom:0;font-size:14px;font-style:normal;font-weight:500\">Lorem Ipsum is simply dummy text of the printing and typesetting industry. Lorem Ipsum has been the industrys standard dummy text ever since the 1500s, when an unknown printer took a galley of type and scrambled it to make a type specimen book.<\/p>\n\n\n\n<div class=\"wp-block-group is-layout-flex wp-container-core-group-is-layout-b371d99e wp-block-group-is-layout-flex\">\n<figure class=\"wp-block-image size-full has-custom-border testimonial-img\"><img decoding=\"async\" src=\"https:\/\/afomoa.greenshelf.net\/wp-content\/themes\/creative-design-agency\/assets\/images\/testimonial1.png\" alt=\"\" class=\"wp-image-16\" style=\"border-radius:5px\"\/><\/figure>\n\n\n\n<div class=\"wp-block-group is-layout-flow wp-block-group-is-layout-flow\">\n<h4 class=\"wp-block-heading\" style=\"margin-top:0;margin-bottom:0;font-size:18px;line-height:1.3\">Kristan Watson<\/h4>\n\n\n\n<p class=\"has-text-color has-link-color wp-elements-551e6e479e8ed4e0bc38e4d6f4d008ab\" style=\"color:#5e5e5e;margin-top:0;margin-bottom:0;font-size:14px;line-height:1.2\">Business Manager<\/p>\n<\/div>\n<\/div>\n<\/div>\n<\/div>\n\n\n\n<div class=\"wp-block-column is-layout-flow wp-block-column-is-layout-flow\">\n<div class=\"wp-block-group testimonial-box is-layout-flow wp-block-group-is-layout-flow\" style=\"border-radius:15px;padding-top:var(--wp--preset--spacing--50);padding-right:var(--wp--preset--spacing--50);padding-bottom:var(--wp--preset--spacing--50);padding-left:var(--wp--preset--spacing--50)\">\n<figure class=\"wp-block-image size-full star-img\"><img decoding=\"async\" src=\"https:\/\/afomoa.greenshelf.net\/wp-content\/themes\/creative-design-agency\/assets\/images\/testimonail-star.png\" alt=\"\" class=\"wp-image-13\"\/><\/figure>\n\n\n\n<figure class=\"wp-block-image size-full testimonial-comas\"><img decoding=\"async\" src=\"https:\/\/afomoa.greenshelf.net\/wp-content\/themes\/creative-design-agency\/assets\/images\/testimonial-comas.png\" alt=\"\" class=\"wp-image-25\"\/><\/figure>\n\n\n\n<p class=\"testimonial-main-text\" style=\"margin-top:0;margin-bottom:0;font-size:14px;font-style:normal;font-weight:500\">Lorem Ipsum is simply dummy text of the printing and typesetting industry. Lorem Ipsum has been the industrys standard dummy text ever since the 1500s, when an unknown printer took a galley of type and scrambled it to make a type specimen book.<\/p>\n\n\n\n<div class=\"wp-block-group is-layout-flex wp-container-core-group-is-layout-b371d99e wp-block-group-is-layout-flex\">\n<figure class=\"wp-block-image size-full has-custom-border testimonial-img\"><img decoding=\"async\" src=\"https:\/\/afomoa.greenshelf.net\/wp-content\/themes\/creative-design-agency\/assets\/images\/testimonial2.png\" alt=\"\" class=\"wp-image-16\" style=\"border-radius:5px\"\/><\/figure>\n\n\n\n<div class=\"wp-block-group is-layout-flow wp-block-group-is-layout-flow\">\n<h4 class=\"wp-block-heading\" style=\"margin-top:0;margin-bottom:0;font-size:18px;line-height:1.3\">Kristan Watson<\/h4>\n\n\n\n<p class=\"has-text-color has-link-color wp-elements-da84a387e2d8b583f7b419316913d644\" style=\"color:#5e5e5e;margin-top:0;margin-bottom:0;font-size:14px;line-height:1.2\">Ui Developer<\/p>\n<\/div>\n<\/div>\n<\/div>\n<\/div>\n\n\n\n<div class=\"wp-block-column is-layout-flow wp-block-column-is-layout-flow\">\n<div class=\"wp-block-group testimonial-box is-layout-flow wp-block-group-is-layout-flow\" style=\"border-radius:15px;padding-top:var(--wp--preset--spacing--50);padding-right:var(--wp--preset--spacing--50);padding-bottom:var(--wp--preset--spacing--50);padding-left:var(--wp--preset--spacing--50)\">\n<figure class=\"wp-block-image size-full star-img\"><img decoding=\"async\" src=\"https:\/\/afomoa.greenshelf.net\/wp-content\/themes\/creative-design-agency\/assets\/images\/testimonail-star.png\" alt=\"\" class=\"wp-image-13\"\/><\/figure>\n\n\n\n<figure class=\"wp-block-image size-full testimonial-comas\"><img decoding=\"async\" src=\"https:\/\/afomoa.greenshelf.net\/wp-content\/themes\/creative-design-agency\/assets\/images\/testimonial-comas.png\" alt=\"\" class=\"wp-image-25\"\/><\/figure>\n\n\n\n<p class=\"testimonial-main-text\" style=\"margin-top:0;margin-bottom:0;font-size:14px;font-style:normal;font-weight:500\">Lorem Ipsum is simply dummy text of the printing and typesetting industry. Lorem Ipsum has been the industrys standard dummy text ever since the 1500s, when an unknown printer took a galley of type and scrambled it to make a type specimen book.<\/p>\n\n\n\n<div class=\"wp-block-group is-layout-flex wp-container-core-group-is-layout-b371d99e wp-block-group-is-layout-flex\">\n<figure class=\"wp-block-image size-full has-custom-border testimonial-img\"><img decoding=\"async\" src=\"https:\/\/afomoa.greenshelf.net\/wp-content\/themes\/creative-design-agency\/assets\/images\/testimonial3.png\" alt=\"\" class=\"wp-image-16\" style=\"border-radius:5px\"\/><\/figure>\n\n\n\n<div class=\"wp-block-group is-layout-flow wp-block-group-is-layout-flow\">\n<h4 class=\"wp-block-heading\" style=\"margin-top:0;margin-bottom:0;font-size:18px;line-height:1.3\">Kristan Watson<\/h4>\n\n\n\n<p class=\"has-text-color has-link-color wp-elements-050c2ee518a0aaa5a7e2a68df82d1b83\" style=\"color:#5e5e5e;margin-top:0;margin-bottom:0;font-size:14px;line-height:1.2\">Business Ceo<\/p>\n<\/div>\n<\/div>\n<\/div>\n<\/div>\n<\/div>\n\n\n\n<p><\/p>\n","protected":false},"excerpt":{"rendered":"<p>Vous pouvez nous joindre \u00e0 l&rsquo;adresse mail suivante : contact.greenshelf.netEn plus de tous nos r\u00e9seaux sociaux Inscrivez-vous \u00e0 notre Newsletter pour rester en contact avec nos nouveaut\u00e9s Toujours pas convaincu ? Consultez les avis d&rsquo;autres personnes qui nous ont test\u00e9. Lorem Ipsum is simply dummy text of the printing and typesetting industry. Lorem Ipsum has [&hellip;]<\/p>\n","protected":false},"author":1,"featured_media":0,"parent":0,"menu_order":0,"comment_status":"closed","ping_status":"closed","template":"","meta":{"footnotes":""},"class_list":["post-131","page","type-page","status-publish","hentry"],"yoast_head":"<!-- This site is optimized with the Yoast SEO plugin v26.6 - https:\/\/yoast.com\/wordpress\/plugins\/seo\/ -->\n<title>Contact - Greenshelf<\/title>\n<meta name=\"description\" content=\"Restez en contact et inscrivez-vous \u00e0 notre newsletter et recevez des conseils, astuces, en plus de recettes pour r\u00e9duire votre gaspillage.\" \/>\n<meta name=\"robots\" content=\"index, follow, max-snippet:-1, max-image-preview:large, max-video-preview:-1\" \/>\n<link rel=\"canonical\" href=\"https:\/\/afomoa.greenshelf.net\/index.php\/contact\/\" \/>\n<meta property=\"og:locale\" content=\"fr_FR\" \/>\n<meta property=\"og:type\" content=\"article\" \/>\n<meta property=\"og:title\" content=\"Contact - Greenshelf\" \/>\n<meta property=\"og:description\" content=\"Restez en contact et inscrivez-vous \u00e0 notre newsletter et recevez des conseils, astuces, en plus de recettes pour r\u00e9duire votre gaspillage.\" \/>\n<meta property=\"og:url\" content=\"https:\/\/afomoa.greenshelf.net\/index.php\/contact\/\" \/>\n<meta property=\"og:site_name\" content=\"Greenshelf\" \/>\n<meta property=\"article:modified_time\" content=\"2025-10-31T09:15:07+00:00\" \/>\n<meta property=\"og:image\" content=\"https:\/\/afomoa.greenshelf.net\/wp-content\/themes\/creative-design-agency\/assets\/images\/testimonail-star.png\" \/>\n<meta name=\"twitter:card\" content=\"summary_large_image\" \/>\n<meta name=\"twitter:label1\" content=\"Dur\u00e9e de lecture estim\u00e9e\" \/>\n\t<meta name=\"twitter:data1\" content=\"3 minutes\" \/>\n<script type=\"application\/ld+json\" class=\"yoast-schema-graph\">{\"@context\":\"https:\/\/schema.org\",\"@graph\":[{\"@type\":\"WebPage\",\"@id\":\"https:\/\/afomoa.greenshelf.net\/index.php\/contact\/\",\"url\":\"https:\/\/afomoa.greenshelf.net\/index.php\/contact\/\",\"name\":\"Contact - Greenshelf\",\"isPartOf\":{\"@id\":\"https:\/\/afomoa.greenshelf.net\/#website\"},\"primaryImageOfPage\":{\"@id\":\"https:\/\/afomoa.greenshelf.net\/index.php\/contact\/#primaryimage\"},\"image\":{\"@id\":\"https:\/\/afomoa.greenshelf.net\/index.php\/contact\/#primaryimage\"},\"thumbnailUrl\":\"https:\/\/afomoa.greenshelf.net\/wp-content\/themes\/creative-design-agency\/assets\/images\/testimonail-star.png\",\"datePublished\":\"2025-10-24T16:23:16+00:00\",\"dateModified\":\"2025-10-31T09:15:07+00:00\",\"description\":\"Restez en contact et inscrivez-vous \u00e0 notre newsletter et recevez des conseils, astuces, en plus de recettes pour r\u00e9duire votre gaspillage.\",\"breadcrumb\":{\"@id\":\"https:\/\/afomoa.greenshelf.net\/index.php\/contact\/#breadcrumb\"},\"inLanguage\":\"fr-FR\",\"potentialAction\":[{\"@type\":\"ReadAction\",\"target\":[\"https:\/\/afomoa.greenshelf.net\/index.php\/contact\/\"]}]},{\"@type\":\"ImageObject\",\"inLanguage\":\"fr-FR\",\"@id\":\"https:\/\/afomoa.greenshelf.net\/index.php\/contact\/#primaryimage\",\"url\":\"\",\"contentUrl\":\"\"},{\"@type\":\"BreadcrumbList\",\"@id\":\"https:\/\/afomoa.greenshelf.net\/index.php\/contact\/#breadcrumb\",\"itemListElement\":[{\"@type\":\"ListItem\",\"position\":1,\"name\":\"Accueil\",\"item\":\"https:\/\/afomoa.greenshelf.net\/\"},{\"@type\":\"ListItem\",\"position\":2,\"name\":\"Contact\"}]},{\"@type\":\"WebSite\",\"@id\":\"https:\/\/afomoa.greenshelf.net\/#website\",\"url\":\"https:\/\/afomoa.greenshelf.net\/\",\"name\":\"Greenshelf\",\"description\":\"Greenshelf est une application anti-gaspillage pens\u00e9e pour vous aider \u00e0 mieux g\u00e9rer vos courses et vos stocks alimentaires.\",\"potentialAction\":[{\"@type\":\"SearchAction\",\"target\":{\"@type\":\"EntryPoint\",\"urlTemplate\":\"https:\/\/afomoa.greenshelf.net\/?s={search_term_string}\"},\"query-input\":{\"@type\":\"PropertyValueSpecification\",\"valueRequired\":true,\"valueName\":\"search_term_string\"}}],\"inLanguage\":\"fr-FR\"}]}<\/script>\n<!-- \/ Yoast SEO plugin. -->","yoast_head_json":{"title":"Contact - Greenshelf","description":"Restez en contact et inscrivez-vous \u00e0 notre newsletter et recevez des conseils, astuces, en plus de recettes pour r\u00e9duire votre gaspillage.","robots":{"index":"index","follow":"follow","max-snippet":"max-snippet:-1","max-image-preview":"max-image-preview:large","max-video-preview":"max-video-preview:-1"},"canonical":"https:\/\/afomoa.greenshelf.net\/index.php\/contact\/","og_locale":"fr_FR","og_type":"article","og_title":"Contact - Greenshelf","og_description":"Restez en contact et inscrivez-vous \u00e0 notre newsletter et recevez des conseils, astuces, en plus de recettes pour r\u00e9duire votre gaspillage.","og_url":"https:\/\/afomoa.greenshelf.net\/index.php\/contact\/","og_site_name":"Greenshelf","article_modified_time":"2025-10-31T09:15:07+00:00","og_image":[{"url":"https:\/\/afomoa.greenshelf.net\/wp-content\/themes\/creative-design-agency\/assets\/images\/testimonail-star.png","type":"","width":"","height":""}],"twitter_card":"summary_large_image","twitter_misc":{"Dur\u00e9e de lecture estim\u00e9e":"3 minutes"},"schema":{"@context":"https:\/\/schema.org","@graph":[{"@type":"WebPage","@id":"https:\/\/afomoa.greenshelf.net\/index.php\/contact\/","url":"https:\/\/afomoa.greenshelf.net\/index.php\/contact\/","name":"Contact - Greenshelf","isPartOf":{"@id":"https:\/\/afomoa.greenshelf.net\/#website"},"primaryImageOfPage":{"@id":"https:\/\/afomoa.greenshelf.net\/index.php\/contact\/#primaryimage"},"image":{"@id":"https:\/\/afomoa.greenshelf.net\/index.php\/contact\/#primaryimage"},"thumbnailUrl":"https:\/\/afomoa.greenshelf.net\/wp-content\/themes\/creative-design-agency\/assets\/images\/testimonail-star.png","datePublished":"2025-10-24T16:23:16+00:00","dateModified":"2025-10-31T09:15:07+00:00","description":"Restez en contact et inscrivez-vous \u00e0 notre newsletter et recevez des conseils, astuces, en plus de recettes pour r\u00e9duire votre gaspillage.","breadcrumb":{"@id":"https:\/\/afomoa.greenshelf.net\/index.php\/contact\/#breadcrumb"},"inLanguage":"fr-FR","potentialAction":[{"@type":"ReadAction","target":["https:\/\/afomoa.greenshelf.net\/index.php\/contact\/"]}]},{"@type":"ImageObject","inLanguage":"fr-FR","@id":"https:\/\/afomoa.greenshelf.net\/index.php\/contact\/#primaryimage","url":"","contentUrl":""},{"@type":"BreadcrumbList","@id":"https:\/\/afomoa.greenshelf.net\/index.php\/contact\/#breadcrumb","itemListElement":[{"@type":"ListItem","position":1,"name":"Accueil","item":"https:\/\/afomoa.greenshelf.net\/"},{"@type":"ListItem","position":2,"name":"Contact"}]},{"@type":"WebSite","@id":"https:\/\/afomoa.greenshelf.net\/#website","url":"https:\/\/afomoa.greenshelf.net\/","name":"Greenshelf","description":"Greenshelf est une application anti-gaspillage pens\u00e9e pour vous aider \u00e0 mieux g\u00e9rer vos courses et vos stocks alimentaires.","potentialAction":[{"@type":"SearchAction","target":{"@type":"EntryPoint","urlTemplate":"https:\/\/afomoa.greenshelf.net\/?s={search_term_string}"},"query-input":{"@type":"PropertyValueSpecification","valueRequired":true,"valueName":"search_term_string"}}],"inLanguage":"fr-FR"}]}},"_links":{"self":[{"href":"https:\/\/afomoa.greenshelf.net\/index.php\/wp-json\/wp\/v2\/pages\/131","targetHints":{"allow":["GET"]}}],"collection":[{"href":"https:\/\/afomoa.greenshelf.net\/index.php\/wp-json\/wp\/v2\/pages"}],"about":[{"href":"https:\/\/afomoa.greenshelf.net\/index.php\/wp-json\/wp\/v2\/types\/page"}],"author":[{"embeddable":true,"href":"https:\/\/afomoa.greenshelf.net\/index.php\/wp-json\/wp\/v2\/users\/1"}],"replies":[{"embeddable":true,"href":"https:\/\/afomoa.greenshelf.net\/index.php\/wp-json\/wp\/v2\/comments?post=131"}],"version-history":[{"count":20,"href":"https:\/\/afomoa.greenshelf.net\/index.php\/wp-json\/wp\/v2\/pages\/131\/revisions"}],"predecessor-version":[{"id":608,"href":"https:\/\/afomoa.greenshelf.net\/index.php\/wp-json\/wp\/v2\/pages\/131\/revisions\/608"}],"wp:attachment":[{"href":"https:\/\/afomoa.greenshelf.net\/index.php\/wp-json\/wp\/v2\/media?parent=131"}],"curies":[{"name":"wp","href":"https:\/\/api.w.org\/{rel}","templated":true}]}}