{"id":117,"date":"2025-10-24T14:13:32","date_gmt":"2025-10-24T14:13:32","guid":{"rendered":"https:\/\/afomoa.greenshelf.net\/?page_id=117"},"modified":"2025-10-30T18:59:30","modified_gmt":"2025-10-30T18:59:30","slug":"objectif","status":"publish","type":"page","link":"https:\/\/afomoa.greenshelf.net\/index.php\/objectif\/","title":{"rendered":"Notre objectif"},"content":{"rendered":"\n<h2 class=\"wp-block-heading has-primary-color has-text-color has-link-color wp-elements-3627417d7c4e2cd48bb12d89189b6d30\"><strong>Comment est n\u00e9 Greenshelf<\/strong><\/h2>\n\n\n\n<div class=\"wp-block-columns is-layout-flex wp-container-core-columns-is-layout-28f84493 wp-block-columns-is-layout-flex\">\n<div class=\"wp-block-column is-vertically-aligned-center is-layout-flow wp-block-column-is-layout-flow\" style=\"flex-basis:66.66%\">\n<p>Chaque ann\u00e9e, des millions de tonnes de nourriture finissent \u00e0 la poubelle. Alors m\u00eame que des foyers souhaiteraient mieux utiliser leurs courses, faire des \u00e9conomies et limiter leur impact \u00e9cologique. En France, par exemple, on estime que 4,3 millions de tonnes de d\u00e9chets alimentaires comestibles sont jet\u00e9s chaque ann\u00e9e. Le gaspillage alimentaire c\u2019est non seulement plusieurs millions de tonnes mais \u00e7a touche tous les maillons de la cha\u00eene (<a href=\"https:\/\/life-solifoodwaste.eu\/index.php\/en\/findings?utm_source=chatgpt.com\">voir l&rsquo;\u00e9tude<\/a>). <\/p>\n<\/div>\n\n\n\n<div class=\"wp-block-column is-layout-flow wp-block-column-is-layout-flow\" style=\"flex-basis:33.33%\">\n<style>\n.separator {\n  position: relative;\n  z-index: 10;\n  display: table;\n  margin: 50px auto;\n}\n.separator img { \n  max-width: 100%;\n  border: 15px solid #fff; \n  border-radius: 3px;\n  -webkit-box-shadow: 0 1px 5px #999;\n  -moz-box-shadow:  0 1px 5px #999;\n  box-shadow:  0 1px 5px #999;\n  -webkit-box-sizing: border-box;\n  -moz-box-sizing: border-box;\n  box-sizing: border-box;\n}\n.separator:before, .separator:after {\n  content: \"\"; \n  position: absolute; \n  top: -5px;\n  left: 0;\n  display: block;\n  width: 100%;\n  height: 100%;\n  background: white;\n  -webkit-box-shadow: 0 1px 5px #999;\n  -moz-box-shadow:  0 1px 5px #999;\n  box-shadow:  0 1px 5px #999;\n  -webkit-transition: .3s all;\n  -moz-transition: .3s all;\n  transition: .3s all;\n}\n.separator:before {\n  z-index: -2;\n  -webkit-transform: rotate(2deg);\n  -moz-transform: rotate(2deg);\n  transform: rotate(2deg);\n}\n.separator:after {\n  z-index: -3;\n  -webkit-transform: rotate(-3deg);\n  -moz-transform: rotate(-3deg);\n  transform: rotate(-3deg);\n}\n.separator:hover:before, .separator:hover:after {\n  top: -2px;\n  left: 2px;\n  bottom: 0;\n  -webkit-transform: rotate(0deg);\n  -moz-transform: rotate(0deg);\n  transform: rotate(0deg);  \n}\n\n.page-template-default .wp-site-blocks main{\nmargin-bottom: 0;\n}\n<\/style>\n\n<div class=\"separator\">\n    <img decoding=\"async\" src=\"https:\/\/afomoa.greenshelf.net\/wp-content\/uploads\/2025\/10\/voiture-eboueur_auteur-mario-vasquez-rioja-scaled.jpg\" \/>\n<\/div>\n<\/div>\n<\/div>\n\n\n\n<p> Au niveau europ\u00e9en, le chiffre grimpe \u00e0 environ 131 kg de nourriture gaspill\u00e9s par personne par an (<a href=\"https:\/\/www.statistiques.developpement-durable.gouv.fr\/de-dechets-alimentaires-produits-en-france-en-2021?utm_source=chatgpt.com\">consulter les statistiques<\/a>). <a href=\"https:\/\/ec.europa.eu\/eurostat\/web\/products-eurostat-news\/w\/ddn-20230929-2?utm_source=chatgpt.com\">Plus encore <\/a>: dans l\u2019Union europ\u00e9enne, les m\u00e9nages sont responsables d\u2019environ 54 % des d\u00e9chets alimentaires (<a href=\"https:\/\/ec.europa.eu\/eurostat\/web\/products-eurostat-news\/w\/ddn-20230929-2?utm_source=chatgpt.com\">voir les d\u00e9tails<\/a>).<\/p>\n\n\n\n<div class=\"wp-block-columns is-layout-flex wp-container-core-columns-is-layout-28f84493 wp-block-columns-is-layout-flex\">\n<div class=\"wp-block-column is-vertically-aligned-center is-layout-flow wp-block-column-is-layout-flow\" style=\"flex-basis:66.66%\">\n<p>Ce constat a profond\u00e9ment touch\u00e9 notre \u00e9quipe : d\u2019un c\u00f4t\u00e9, l\u2019envie de s\u2019engager, de r\u00e9duire ce gaspillage ; de l\u2019autre, la difficult\u00e9 quotidienne de nombreux foyers \u00e0 suivre ce qu\u2019il y a dans le frigo, \u00e0 savoir ce qu\u2019il faut consommer en priorit\u00e9, ou \u00e0 inventer des recettes simples avant que les aliments ne p\u00e9riment.<\/p>\n<\/div>\n\n\n\n<div class=\"wp-block-column is-layout-flow wp-block-column-is-layout-flow\" style=\"flex-basis:33.33%\">\n<style>\n.separator {\n  position: relative;\n  z-index: 10;\n  display: table;\n  margin: 50px auto;\n}\n.separator img { \n  max-width: 100%;\n  border: 15px solid #fff; \n  border-radius: 3px;\n  -webkit-box-shadow: 0 1px 5px #999;\n  -moz-box-shadow:  0 1px 5px #999;\n  box-shadow:  0 1px 5px #999;\n  -webkit-box-sizing: border-box;\n  -moz-box-sizing: border-box;\n  box-sizing: border-box;\n}\n.separator:before, .separator:after {\n  content: \"\"; \n  position: absolute; \n  top: -5px;\n  left: 0;\n  display: block;\n  width: 100%;\n  height: 100%;\n  background: white;\n  -webkit-box-shadow: 0 1px 5px #999;\n  -moz-box-shadow:  0 1px 5px #999;\n  box-shadow:  0 1px 5px #999;\n  -webkit-transition: .3s all;\n  -moz-transition: .3s all;\n  transition: .3s all;\n}\n.separator:before {\n  z-index: -2;\n  -webkit-transform: rotate(2deg);\n  -moz-transform: rotate(2deg);\n  transform: rotate(2deg);\n}\n.separator:after {\n  z-index: -3;\n  -webkit-transform: rotate(-3deg);\n  -moz-transform: rotate(-3deg);\n  transform: rotate(-3deg);\n}\n.separator:hover:before, .separator:hover:after {\n  top: -2px;\n  left: 2px;\n  bottom: 0;\n  -webkit-transform: rotate(0deg);\n  -moz-transform: rotate(0deg);\n  transform: rotate(0deg);  \n}\n<\/style>\n\n<div class=\"separator\">\n    <img decoding=\"async\" src=\"https:\/\/afomoa.greenshelf.net\/wp-content\/uploads\/2025\/10\/gaspillage-alimentaire-dechets_auteur-john-cameron-scaled.jpg\" \/>\n<\/div>\n<\/div>\n<\/div>\n\n\n\n<p><\/p>\n\n\n\n<h2 class=\"wp-block-heading has-primary-color has-text-color has-link-color wp-elements-ae32d4e9cd73aa446ff6e888896287fd\"><strong>Notre mission \u2013 et ce que vous y gagnez<\/strong><\/h2>\n\n\n\n<div class=\"wp-block-columns is-layout-flex wp-container-core-columns-is-layout-28f84493 wp-block-columns-is-layout-flex\">\n<div class=\"wp-block-column is-vertically-aligned-center is-layout-flow wp-block-column-is-layout-flow\" style=\"flex-basis:66.66%\">\n<p>Avec Greenshelf, l\u2019objectif est clair : vous aider \u00e0 mieux consommer ce que vous achetez, \u00e0 \u00e9viter de jeter, \u00e0 optimiser vos stocks, et \u00e0 d\u00e9gager du temps (et de l\u2019argent) pour ce qui compte vraiment.<br>Pour nous chaque aliment jet\u00e9, c\u2019est non seulement de l\u2019argent perdu, mais aussi un impact environnemental : ressources en eau, \u00e9nergie, \u00e9missions de CO\u2082 inutiles. Avec Greenshelf, nous souhaitons vous accompagner pour agir directement sur ce levier.<\/p>\n<\/div>\n\n\n\n<div class=\"wp-block-column is-vertically-aligned-top is-layout-flow wp-block-column-is-layout-flow\" style=\"flex-basis:33.33%\">\n<style>\n.separator {\n  position: relative;\n  z-index: 10;\n  display: table;\n  margin: 50px auto;\n}\n.separator img { \n  max-width: 70%;\n  border: 15px solid #fff; \n  border-radius: 3px;\n  -webkit-box-shadow: 0 1px 5px #999;\n  -moz-box-shadow:  0 1px 5px #999;\n  box-shadow:  0 1px 5px #999;\n  -webkit-box-sizing: border-box;\n  -moz-box-sizing: border-box;\n  box-sizing: border-box;\n}\n.separator:before, .separator:after {\n  content: \"\"; \n  position: absolute; \n  top: -5px;\n  left: 0;\n  display: block;\n  width: 70%;\n  height: 100%;\n  background: white;\n  -webkit-box-shadow: 0 1px 5px #999;\n  -moz-box-shadow:  0 1px 5px #999;\n  box-shadow:  0 1px 5px #999;\n  -webkit-transition: .3s all;\n  -moz-transition: .3s all;\n  transition: .3s all;\n}\n.separator:before {\n  z-index: -2;\n  -webkit-transform: rotate(2deg);\n  -moz-transform: rotate(2deg);\n  transform: rotate(2deg);\n}\n.separator:after {\n  z-index: -3;\n  -webkit-transform: rotate(-3deg);\n  -moz-transform: rotate(-3deg);\n  transform: rotate(-3deg);\n}\n.separator:hover:before, .separator:hover:after {\n  top: -2px;\n  left: 2px;\n  bottom: 0;\n  -webkit-transform: rotate(0deg);\n  -moz-transform: rotate(0deg);\n  transform: rotate(0deg);  \n}\n<\/style>\n\n<div class=\"separator\">\n    <img decoding=\"async\" src=\"https:\/\/afomoa.greenshelf.net\/wp-content\/uploads\/2025\/10\/homme-tri-selectif_auteur-lara-jameson-scaled.jpg\" \/>\n<\/div>\n<\/div>\n<\/div>\n\n\n\n<p><\/p>\n\n\n\n<h2 class=\"wp-block-heading has-primary-color has-text-color has-link-color wp-elements-110f4a412bdd12cc926b79b259c9617d\"><strong>Greenshelf, c\u2019est quoi ?<\/strong><\/h2>\n\n\n\n<p>L\u2019id\u00e9e est de proposer une application simple, visuelle, accessible, d\u00e9di\u00e9e aux foyers qui veulent agir au quotidien sans contrainte lourde. Une appli qui combine gestion des stocks alimentaires (ce qu\u2019il y a dans le r\u00e9frig\u00e9rateur et les placards), alertes de p\u00e9remption, suggestions de recettes personnalis\u00e9es, et suivi des r\u00e9sultats (\u00e9conomies r\u00e9alis\u00e9es, produits sauv\u00e9s, impact carbone). Le but ? Faire de la lutte contre le gaspillage alimentaire une habitude naturelle, aussi simple que de sortir son t\u00e9l\u00e9phone.<\/p>\n\n\n\n<p><\/p>\n\n\n\n<div class=\"wp-block-cover alignfull\"><img loading=\"lazy\" decoding=\"async\" width=\"1024\" height=\"252\" class=\"wp-block-cover__image-background wp-image-333 size-large\" alt=\"boite de recettes sur un fond neutre agr\u00e9ment\u00e9 de fruits et de l\u00e9gume.\" src=\"http:\/\/afomoa.greenshelf.net\/wp-content\/uploads\/2025\/10\/banniere_landing-page-1024x252.jpg\" data-object-fit=\"cover\" srcset=\"https:\/\/afomoa.greenshelf.net\/wp-content\/uploads\/2025\/10\/banniere_landing-page-1024x252.jpg 1024w, https:\/\/afomoa.greenshelf.net\/wp-content\/uploads\/2025\/10\/banniere_landing-page-300x74.jpg 300w, https:\/\/afomoa.greenshelf.net\/wp-content\/uploads\/2025\/10\/banniere_landing-page-768x189.jpg 768w, https:\/\/afomoa.greenshelf.net\/wp-content\/uploads\/2025\/10\/banniere_landing-page-1536x378.jpg 1536w, https:\/\/afomoa.greenshelf.net\/wp-content\/uploads\/2025\/10\/banniere_landing-page.jpg 1920w\" sizes=\"auto, (max-width: 1024px) 100vw, 1024px\" \/><span aria-hidden=\"true\" class=\"wp-block-cover__background has-heading-background-color has-background-dim\"><\/span><div class=\"wp-block-cover__inner-container is-layout-constrained wp-block-cover-is-layout-constrained\">\n<h2 class=\"wp-block-heading has-text-align-center has-background-color has-text-color has-link-color wp-elements-0787fc893f1cd9409c433c5619cf5133\"><strong>Envie de devenir membre ?<\/strong><\/h2>\n\n\n\n<p class=\"has-text-align-center has-background-color has-text-color has-link-color has-content-heading-font-size wp-elements-2b0c9c62f3783e02c85ee86137bde97f\">T\u00e9l\u00e9charger l&rsquo;application et commencer d\u00e8s aujourd&rsquo;hui \u00e0 r\u00e9duire votre impact sur la plan\u00e8te.<\/p>\n\n\n\n<div class=\"wp-block-buttons is-content-justification-center is-layout-flex wp-container-core-buttons-is-layout-a89b3969 wp-block-buttons-is-layout-flex\">\n<div class=\"wp-block-button\"><a class=\"wp-block-button__link wp-element-button\" href=\"https:\/\/afomoa.greenshelf.net\/index.php\/telecharger-lapp\/\">T\u00e9l\u00e9charger Greenshelf<\/a><\/div>\n<\/div>\n<\/div><\/div>\n","protected":false},"excerpt":{"rendered":"<p>Comment est n\u00e9 Greenshelf Chaque ann\u00e9e, des millions de tonnes de nourriture finissent \u00e0 la poubelle. Alors m\u00eame que des foyers souhaiteraient mieux utiliser leurs courses, faire des \u00e9conomies et limiter leur impact \u00e9cologique. En France, par exemple, on estime que 4,3 millions de tonnes de d\u00e9chets alimentaires comestibles sont jet\u00e9s chaque ann\u00e9e. Le gaspillage [&hellip;]<\/p>\n","protected":false},"author":1,"featured_media":0,"parent":0,"menu_order":0,"comment_status":"closed","ping_status":"closed","template":"","meta":{"footnotes":""},"class_list":["post-117","page","type-page","status-publish","hentry"],"yoast_head":"<!-- This site is optimized with the Yoast SEO plugin v26.6 - https:\/\/yoast.com\/wordpress\/plugins\/seo\/ -->\n<title>Notre objectif - Greenshelf<\/title>\n<meta name=\"description\" content=\"D\u00e9couvrez Greenshelf, l\u2019application anti-gaspillage pour mieux g\u00e9rer vos aliments et adopter des gestes \u00e9co-responsables au quotidien.\" \/>\n<meta name=\"robots\" content=\"index, follow, max-snippet:-1, max-image-preview:large, max-video-preview:-1\" \/>\n<link rel=\"canonical\" href=\"https:\/\/afomoa.greenshelf.net\/index.php\/objectif\/\" \/>\n<meta property=\"og:locale\" content=\"fr_FR\" \/>\n<meta property=\"og:type\" content=\"article\" \/>\n<meta property=\"og:title\" content=\"Notre objectif - Greenshelf\" \/>\n<meta property=\"og:description\" content=\"D\u00e9couvrez Greenshelf, l\u2019application anti-gaspillage pour mieux g\u00e9rer vos aliments et adopter des gestes \u00e9co-responsables au quotidien.\" \/>\n<meta property=\"og:url\" content=\"https:\/\/afomoa.greenshelf.net\/index.php\/objectif\/\" \/>\n<meta property=\"og:site_name\" content=\"Greenshelf\" \/>\n<meta property=\"article:modified_time\" content=\"2025-10-30T18:59:30+00:00\" \/>\n<meta property=\"og:image\" content=\"https:\/\/afomoa.greenshelf.net\/wp-content\/uploads\/2025\/10\/voiture-eboueur_auteur-mario-vasquez-rioja-scaled.jpg\" \/>\n<meta name=\"twitter:card\" content=\"summary_large_image\" \/>\n<meta name=\"twitter:label1\" content=\"Dur\u00e9e de lecture estim\u00e9e\" \/>\n\t<meta name=\"twitter:data1\" content=\"3 minutes\" \/>\n<script type=\"application\/ld+json\" class=\"yoast-schema-graph\">{\"@context\":\"https:\/\/schema.org\",\"@graph\":[{\"@type\":\"WebPage\",\"@id\":\"https:\/\/afomoa.greenshelf.net\/index.php\/objectif\/\",\"url\":\"https:\/\/afomoa.greenshelf.net\/index.php\/objectif\/\",\"name\":\"Notre objectif - Greenshelf\",\"isPartOf\":{\"@id\":\"https:\/\/afomoa.greenshelf.net\/#website\"},\"primaryImageOfPage\":{\"@id\":\"https:\/\/afomoa.greenshelf.net\/index.php\/objectif\/#primaryimage\"},\"image\":{\"@id\":\"https:\/\/afomoa.greenshelf.net\/index.php\/objectif\/#primaryimage\"},\"thumbnailUrl\":\"https:\/\/afomoa.greenshelf.net\/wp-content\/uploads\/2025\/10\/voiture-eboueur_auteur-mario-vasquez-rioja-scaled.jpg\",\"datePublished\":\"2025-10-24T14:13:32+00:00\",\"dateModified\":\"2025-10-30T18:59:30+00:00\",\"description\":\"D\u00e9couvrez Greenshelf, l\u2019application anti-gaspillage pour mieux g\u00e9rer vos aliments et adopter des gestes \u00e9co-responsables au quotidien.\",\"breadcrumb\":{\"@id\":\"https:\/\/afomoa.greenshelf.net\/index.php\/objectif\/#breadcrumb\"},\"inLanguage\":\"fr-FR\",\"potentialAction\":[{\"@type\":\"ReadAction\",\"target\":[\"https:\/\/afomoa.greenshelf.net\/index.php\/objectif\/\"]}]},{\"@type\":\"ImageObject\",\"inLanguage\":\"fr-FR\",\"@id\":\"https:\/\/afomoa.greenshelf.net\/index.php\/objectif\/#primaryimage\",\"url\":\"https:\/\/afomoa.greenshelf.net\/wp-content\/uploads\/2025\/10\/voiture-eboueur_auteur-mario-vasquez-rioja-scaled.jpg\",\"contentUrl\":\"https:\/\/afomoa.greenshelf.net\/wp-content\/uploads\/2025\/10\/voiture-eboueur_auteur-mario-vasquez-rioja-scaled.jpg\"},{\"@type\":\"BreadcrumbList\",\"@id\":\"https:\/\/afomoa.greenshelf.net\/index.php\/objectif\/#breadcrumb\",\"itemListElement\":[{\"@type\":\"ListItem\",\"position\":1,\"name\":\"Accueil\",\"item\":\"https:\/\/afomoa.greenshelf.net\/\"},{\"@type\":\"ListItem\",\"position\":2,\"name\":\"Notre objectif\"}]},{\"@type\":\"WebSite\",\"@id\":\"https:\/\/afomoa.greenshelf.net\/#website\",\"url\":\"https:\/\/afomoa.greenshelf.net\/\",\"name\":\"Greenshelf\",\"description\":\"Greenshelf est une application anti-gaspillage pens\u00e9e pour vous aider \u00e0 mieux g\u00e9rer vos courses et vos stocks alimentaires.\",\"potentialAction\":[{\"@type\":\"SearchAction\",\"target\":{\"@type\":\"EntryPoint\",\"urlTemplate\":\"https:\/\/afomoa.greenshelf.net\/?s={search_term_string}\"},\"query-input\":{\"@type\":\"PropertyValueSpecification\",\"valueRequired\":true,\"valueName\":\"search_term_string\"}}],\"inLanguage\":\"fr-FR\"}]}<\/script>\n<!-- \/ Yoast SEO plugin. -->","yoast_head_json":{"title":"Notre objectif - Greenshelf","description":"D\u00e9couvrez Greenshelf, l\u2019application anti-gaspillage pour mieux g\u00e9rer vos aliments et adopter des gestes \u00e9co-responsables au quotidien.","robots":{"index":"index","follow":"follow","max-snippet":"max-snippet:-1","max-image-preview":"max-image-preview:large","max-video-preview":"max-video-preview:-1"},"canonical":"https:\/\/afomoa.greenshelf.net\/index.php\/objectif\/","og_locale":"fr_FR","og_type":"article","og_title":"Notre objectif - Greenshelf","og_description":"D\u00e9couvrez Greenshelf, l\u2019application anti-gaspillage pour mieux g\u00e9rer vos aliments et adopter des gestes \u00e9co-responsables au quotidien.","og_url":"https:\/\/afomoa.greenshelf.net\/index.php\/objectif\/","og_site_name":"Greenshelf","article_modified_time":"2025-10-30T18:59:30+00:00","og_image":[{"url":"https:\/\/afomoa.greenshelf.net\/wp-content\/uploads\/2025\/10\/voiture-eboueur_auteur-mario-vasquez-rioja-scaled.jpg","type":"","width":"","height":""}],"twitter_card":"summary_large_image","twitter_misc":{"Dur\u00e9e de lecture estim\u00e9e":"3 minutes"},"schema":{"@context":"https:\/\/schema.org","@graph":[{"@type":"WebPage","@id":"https:\/\/afomoa.greenshelf.net\/index.php\/objectif\/","url":"https:\/\/afomoa.greenshelf.net\/index.php\/objectif\/","name":"Notre objectif - Greenshelf","isPartOf":{"@id":"https:\/\/afomoa.greenshelf.net\/#website"},"primaryImageOfPage":{"@id":"https:\/\/afomoa.greenshelf.net\/index.php\/objectif\/#primaryimage"},"image":{"@id":"https:\/\/afomoa.greenshelf.net\/index.php\/objectif\/#primaryimage"},"thumbnailUrl":"https:\/\/afomoa.greenshelf.net\/wp-content\/uploads\/2025\/10\/voiture-eboueur_auteur-mario-vasquez-rioja-scaled.jpg","datePublished":"2025-10-24T14:13:32+00:00","dateModified":"2025-10-30T18:59:30+00:00","description":"D\u00e9couvrez Greenshelf, l\u2019application anti-gaspillage pour mieux g\u00e9rer vos aliments et adopter des gestes \u00e9co-responsables au quotidien.","breadcrumb":{"@id":"https:\/\/afomoa.greenshelf.net\/index.php\/objectif\/#breadcrumb"},"inLanguage":"fr-FR","potentialAction":[{"@type":"ReadAction","target":["https:\/\/afomoa.greenshelf.net\/index.php\/objectif\/"]}]},{"@type":"ImageObject","inLanguage":"fr-FR","@id":"https:\/\/afomoa.greenshelf.net\/index.php\/objectif\/#primaryimage","url":"https:\/\/afomoa.greenshelf.net\/wp-content\/uploads\/2025\/10\/voiture-eboueur_auteur-mario-vasquez-rioja-scaled.jpg","contentUrl":"https:\/\/afomoa.greenshelf.net\/wp-content\/uploads\/2025\/10\/voiture-eboueur_auteur-mario-vasquez-rioja-scaled.jpg"},{"@type":"BreadcrumbList","@id":"https:\/\/afomoa.greenshelf.net\/index.php\/objectif\/#breadcrumb","itemListElement":[{"@type":"ListItem","position":1,"name":"Accueil","item":"https:\/\/afomoa.greenshelf.net\/"},{"@type":"ListItem","position":2,"name":"Notre objectif"}]},{"@type":"WebSite","@id":"https:\/\/afomoa.greenshelf.net\/#website","url":"https:\/\/afomoa.greenshelf.net\/","name":"Greenshelf","description":"Greenshelf est une application anti-gaspillage pens\u00e9e pour vous aider \u00e0 mieux g\u00e9rer vos courses et vos stocks alimentaires.","potentialAction":[{"@type":"SearchAction","target":{"@type":"EntryPoint","urlTemplate":"https:\/\/afomoa.greenshelf.net\/?s={search_term_string}"},"query-input":{"@type":"PropertyValueSpecification","valueRequired":true,"valueName":"search_term_string"}}],"inLanguage":"fr-FR"}]}},"_links":{"self":[{"href":"https:\/\/afomoa.greenshelf.net\/index.php\/wp-json\/wp\/v2\/pages\/117","targetHints":{"allow":["GET"]}}],"collection":[{"href":"https:\/\/afomoa.greenshelf.net\/index.php\/wp-json\/wp\/v2\/pages"}],"about":[{"href":"https:\/\/afomoa.greenshelf.net\/index.php\/wp-json\/wp\/v2\/types\/page"}],"author":[{"embeddable":true,"href":"https:\/\/afomoa.greenshelf.net\/index.php\/wp-json\/wp\/v2\/users\/1"}],"replies":[{"embeddable":true,"href":"https:\/\/afomoa.greenshelf.net\/index.php\/wp-json\/wp\/v2\/comments?post=117"}],"version-history":[{"count":48,"href":"https:\/\/afomoa.greenshelf.net\/index.php\/wp-json\/wp\/v2\/pages\/117\/revisions"}],"predecessor-version":[{"id":550,"href":"https:\/\/afomoa.greenshelf.net\/index.php\/wp-json\/wp\/v2\/pages\/117\/revisions\/550"}],"wp:attachment":[{"href":"https:\/\/afomoa.greenshelf.net\/index.php\/wp-json\/wp\/v2\/media?parent=117"}],"curies":[{"name":"wp","href":"https:\/\/api.w.org\/{rel}","templated":true}]}}